{"id":118,"date":"2011-11-07T15:57:20","date_gmt":"2011-11-07T15:57:20","guid":{"rendered":"http:\/\/themetrust.com\/demos\/infinity\/?page_id=118"},"modified":"2026-01-03T23:27:37","modified_gmt":"2026-01-03T22:27:37","slug":"about","status":"publish","type":"page","link":"https:\/\/peterkus.net\/si\/about\/","title":{"rendered":"O avtorju"},"content":{"rendered":"\n<div class=\"wp-block-image\"><figure class=\"alignleft is-resized\"><img loading=\"lazy\" src=\"https:\/\/peterkus.net\/si\/wp-content\/uploads\/sites\/2\/2019\/05\/portret_facebook.jpg\" alt=\"\" class=\"wp-image-5670\" width=\"169\" height=\"255\" srcset=\"https:\/\/peterkus.net\/si\/wp-content\/uploads\/sites\/2\/2019\/05\/portret_facebook.jpg 640w, https:\/\/peterkus.net\/si\/wp-content\/uploads\/sites\/2\/2019\/05\/portret_facebook-200x300.jpg 200w\" sizes=\"(max-width: 169px) 100vw, 169px\" \/><\/figure><\/div>\n\n\n\n<p><strong>PETER KUS<\/strong> je skladatelj, lutkovni re\u017eiser, izdelovalec instrumentov in pedagog. Ustvarja avtorske predstave v katerih raziskuje obmo\u010dje, kjer se kri\u017eata glasba in lutkovno gledali\u010de. Rezultat tega so predstave <strong>\u010crna kuhna <\/strong>(2004), <strong>Glas <\/strong>(2005), <strong>Tristan Vox<\/strong> (2006), <a href=\"https:\/\/peterkus.net\/si\/projects\/kralj\/\"><strong>Kralj prislu\u0161kuje<\/strong><\/a> (2007), <strong><a href=\"https:\/\/peterkus.net\/si\/past-projects\/izgubljeni-ton\/\">Izgubljeni ton<\/a><\/strong> (2010), <a href=\"https:\/\/peterkus.net\/si\/projects\/gozd\/\"><strong>Gozd raja!<\/strong><\/a> (2012), <strong>\u9020\u97f3\u5c0f\u5b50\u55f6\u53ed\u8e66<\/strong> (2014), <strong><a href=\"https:\/\/peterkus.net\/si\/projects\/zvocna-kuhna\/\">Zvo\u010dna kuhna <\/a><\/strong>(2015), <strong><a href=\"https:\/\/peterkus.net\/si\/projects\/dzumbus\/\">D\u017eumbus<\/a><\/strong> (2017), <a href=\"https:\/\/peterkus.net\/si\/projects\/ponocnjaki\/\"><strong>Pono\u010dnjaki<\/strong><\/a> (2020), <a href=\"https:\/\/peterkus.net\/si\/projects\/plastonci\/\"><strong>Plastonci<\/strong><\/a> (2022) in <a href=\"https:\/\/peterkus.net\/si\/projects\/obrazi\/\"><strong>Blup?<\/strong><\/a> (2024). Posve\u010da se tudi drugim lutkovnim \u017eanrom, kot sta uporaba videa (<a href=\"https:\/\/peterkus.net\/si\/past-projects\/pojoci-grad\/\"><strong>Pojo\u010di grad<\/strong><\/a><strong>, <\/strong>2011), senc (<a href=\"https:\/\/peterkus.net\/si\/projects\/volcje-srce\/\"><strong>Vol\u010dje srce<\/strong><\/a>, 2015) in dramskemu gledali\u0161\u010du (<a href=\"https:\/\/peterkus.net\/si\/projects\/nepozabek\/\"><strong>Nepozabek<\/strong><\/a>, 2018). S predstavami je gostoval na \u0161tevilnih mednarodnih festivalih in zanje prejel ve\u010d nagrad za izvirnost in glasbo (glej spodaj). Peter Kus tudi oblikuje in izdeluje izvirne glasbene instrumente. Leta 2008 je v Etnografskem muzeju v Ljubljani postavil prvo izmed cikla razstav izvirnih glasbenih in\u0161trumentov <strong><a href=\"http:\/\/www.euphonia-city.net\/\">Evfonija,<\/a><\/strong> s katerimi je v letih 2009 &#8211; 2011 gostoval \u0161e v Celju in Mariboru. Njegova razstava <a href=\"https:\/\/peterkus.net\/si\/projects\/vrt\/\"><strong>Zvo\u010dni vrt<\/strong><\/a> je bila postavljenja v Reimsu (Francija), v Welsu (Avstrija), Artegni (Italija), v \u0160ibeniku, Osijeku in na Reki (Hrva\u0161ka), v Kotorju (\u010crna gora) ter v Ljubljani in Mariboru.<\/p>\n\n\n\n<p> <\/p>\n\n\n\n<p><\/p>\n\n\n\n<p>NAGRADE:<\/p>\n\n\n\n<ul><li>2025, <em>32. Me\u0111unarodni festival pozori\u0161ta za djecu<\/em>, Subotica (Serbia) &#8211; Blup?, posebna nagrada za izvirnost in domi\u0161ljijo<\/li><li>2023, <em>22. Me\u0111unarodni festival pozori\u0161ta za djecu<\/em>, Banja Luka (BiH) \u2013 Gozd raja!, nagrada za najbolj\u0161o glasbo, grand prix za najbolj\u0161o predstavo v celoti<\/li><li>2023, <em>18. Pozori\u0161te Zvezdari\u0161e<\/em>, Beograd (Srbija) &#8211; Gozd raja!, nagrada za kreacijo in animacijo lutk<\/li><li>2023, 2. <em>International Festival for Children\u2019s Theatre \u201eIgor Madzirov\u201c, <\/em>Skopje (Makedonija) &#8211; Gozd raja!, nagrada za najbolj\u0161o glasbo<\/li><li>2023, <em>36. International Theatre Festival Walizka<\/em>, \u0141om\u017ca (Poljska) &#8211; Gozd raja!, nagrada za najbolj\u0161o glasbo, nagrada za najbolj\u0161o predstavo po izboru ob\u010dinstva<\/li><li>2021, 22. <em>Lutfest<\/em>, Vzhodno Sarajevo (BiH) &#8211; Zvo\u010dna kuhna, nagrada za izvirno idejo \u201eLutkobaz\u201c Marko Kova\u010devi\u0107; nagrada &#8220;Novi izzivi lutkarstva&#8221;<\/li><li>2021, <em>27. Festival ekolo\u0161kog pozori\u0161ta<\/em>, Ba\u010dka Palanka (Srbija) &#8211; Gozd raja!, nagrada strokovne \u017eirije za najbolj\u0161o predstavo v celoti; nagrada otro\u0161ke \u017eirije za najbolj\u0161o predstavo<\/li><li>2019, <em>10. Bienale ULU<\/em>, Maribor &#8211; Sne\u017ena kraljica, nagrada za zvo\u010dno podobo uprizoritve<\/li><li>2019, <em>10. Lutkarski bienale Bugojno<\/em>  (Bosna in Hercegovina) &#8211; Nepozabek, najbolj\u0161a predstava po izboru otro\u0161ke re\u017eije  <\/li><li>2019, 20. <em>Lut fest<\/em>, Vzhodno Sarajevo (Bosna in Hercegovina) &#8211; D\u017eumbus,  nagrada za izvirno idejo \u201eLutkobaz\u201c Marko Kova\u010devi\u0107  <\/li><li>2018, 15. festival <em>Pozori\u0161te zvezdari\u0161te<\/em>, Beograd (Srbija) &#8211; D\u017eumbus, nagrada otro\u0161ke \u017eirije<\/li><li>2018 <em>25. Me\u0111unarodni festival pozori\u0161ta za decu<\/em>, Subotica (Srbija) &#8211; D\u017eumbus, najbolj\u0161a glasba<\/li><li>2017 <em>18. Lut fest,<\/em> Vzhodno Sarajevo (Bosna in Hercegovina) &#8211; Gozd raja!, nagrada za izvirno idejo \u201eLutkobaz\u201c Marko Kova\u010devi\u0107 za koncept, re\u017eijo in glasbo; nagrada \u201eMagija lutkarstva\u201c Radoslav Lazi\u0107; nagrada za glasbo; najbolj\u0161a predstava po izboru otro\u0161ke \u017eirije<\/li><li>2013 <em>20. Me\u0111unarodni festival pozori\u0161ta za decu<\/em>, Subotica (Srbija) &#8211; Gozd raja!, najbolj\u0161a glasba<\/li><li>2013 <em>24. SLUK<\/em>, Osijek (Hrva\u0161ka) \u2013 Gozd raja!, nagrada za inovacijo v lutkarstvu<\/li><li>2012 <em>15. ASSITEJ susret<\/em>, \u010cakovec (Hrva\u0161ka) \u2013 Gozd raja!, najbolj\u0161a glasba; najbolj\u0161a likovna podoba (izvirnih instrumentov)<\/li><li>2012 <em>14. festival Zlatna iskra<\/em>, Kragujevac (Srbija) &#8211; Pojo\u010di grad, najbolj\u0161a zamisel produkcije<\/li><li>2011 <em>100, 1.000, 1.000 Stories<\/em>, Bukare\u0161ta (Romunija) &#8211; Pojo\u010di grad, posebna nagrada za modernost gledali\u0161kega jezika in uporabo novih medijev na izviren na\u010din<\/li><li>2011 <em>6. bienale ULU<\/em>, Maribor (Slovenia) \u2013 Pojo\u010di grad, posebna nagrada za uporabo izvirnih instrumentov v gledali\u0161\u010du<\/li><li>2010 <em>19. Kotorski festival pozori\u0161ta za decu<\/em>, Kotor (\u010crna gora) \u2013 Kralj prislu\u0161kuje, najbolj\u0161a predstava v kategoriji novih gledali\u0161kih tendenc<\/li><li>2009, <em>4. bienale ULU<\/em>, Pliberk &#8211; Kralj prislu\u0161kuje &#8211; nagrada za izvirnost in poetiko<\/li><li>2009 <em>Lutfest, <\/em>Vzhodno Sarajevo (Bosna in Hercegovina) &#8211; Kralj prislu\u0161kuje &#8211; nagrada za izvirno zamisel; nagrada za najbolj\u0161o glasbo<\/li><li>2007 <em>4. bienale ULU<\/em>, Koper &#8211; Glas, najbolj izvirna predstava; najbolj\u0161a glasba<\/li><li>2006 <em>Poletni lutkovni pristan, <\/em>Maribor \u2013 Glas, najbolj izvirna predstava; najbolj\u0161a glasba<\/li><\/ul>\n\n\n\n<p>UDELE\u017dBA NA MEDNARODNIH FESTIVALIH: <em>Novosadske pozori\u0161ne igre<\/em>, Novi Sad (Serbia) (2025), <em>Festival bajki<\/em>, Ogulin (Hrva\u0161ka) (2024), <em>ASSITEJ World Congress<\/em>, Havana (Cuba) (2024), Visioni, Bolongna (Italija) (2024), <em>ASSITEJ Artistic Gathering<\/em>, Novi Sad (Serbia) (2023), <em>Me\u0111unarodni festival pozori\u0161ta za djecu<\/em>, Banja Luka (BiH) (2023), <em>International Festival for Children\u2019s Theatre \u201eIgor Madzirov\u201c<\/em> (2023),  International Theatre Festival Walizka, \u0141om\u017ca, Poljska (2023)<em>, Festival ekolo\u0161kog pozori\u0161ta, Ba\u010dka Palanka<\/em>, Srbija (2021, 2025), <em>Trallallero<\/em>, Artegna in Tarcento, Italija (2019, 2020 in 2021), <em>Plesni zbirkus<\/em>, Reka, Hrva\u0161ka (2020 in 2021), <em>10. Lutkarski bienale, <\/em>Bugojno, BiH (2019), <em>Tobogan<\/em>, Reka, Hrva\u0161ka (2019), <em>Pozori\u0161te Zvezdari\u0161te, <\/em>Beograd, Srbija (2018, 2023), <em>Festival Maribor<\/em>, Slovenija (2018), <em>Sarajevska zima<\/em>, Sarajevo, BiH (2018), <em>Internationales Storytelling Festival<\/em>,&nbsp;Irdning, Gradec, Bad Sch\u00f6nau, Avstrija (2017), <em> Blitz festival<\/em>, Rovinj, Hrva\u0161ka (2017),&nbsp;<em>Revija lutkarskih kazali\u0161ta<\/em>, Reka, Hrva\u0161ka (2016, 2018), <em>Pannopticum, <\/em>Neusiedl am See, Avstrija (2016), <em>Sommertraumhafen<\/em>, Wies, Avstrija (2016, 2023), <em>Vukovarsko lutkarsko prolje\u010de<\/em>, Vukovar, Hrva\u0161ka (2016), <em>\u0160pancirfest<\/em>, Vara\u017edin, Hrva\u0161ka (2015), <em>Tainan Arts Festival<\/em>, Tainan, Tajvan (2015), <em>Fantasima<\/em>, Lienz, Austia (2015, 2019), <em>International Children&#8217;s Festival<\/em>, \u0160ibenik, Hrva\u0161ka (2013, 2014, 2017, 2018), <em>SLUK Festival<\/em>, Osijek, Hrva\u0161ka (2013, 2015, 2019, 2025), <em>Pupentheatertage Mistelbach, <\/em>Mistelbach, Avstrija (2012, 2017); <em>Kijimuna Festa<\/em>, Okinawa, Japonska (2012), <em>Puppet festival Golden Sparkle<\/em>, Kragujevac, Srbija (2012); <em>Cikl Cakl<\/em>, St. Michael, Avstrija (2011, 2016, 2023), <em>BEMUS Festival<\/em>, Beograd, Srbija (2011), <em>Anim\u2019est Festival<\/em>,&nbsp;Bukare\u0161ta, Romunija (2011), <em>100, 1.000, 1.000 Stories<\/em>, Bukare\u0161ta, Romunija (2011), <em>PIF Festival<\/em>, Zagreb, Hrva\u0161ka (2011), <em>FigurenTheaterFestival Basel<\/em>, Basel, \u0160vica (2011), <em>Kotor Festival of Children\u2019s Theater<\/em>,&nbsp; Kotor, \u010crna gora (2011, 2012, 2015, 2016, 2018), <em>Three Are Too Many \u2013 Two \u2013 Not Enough<\/em>, Plovdiv, Bolgarija (2010), <em>Animateka Festival<\/em>, Ljubljana (2010), <em>KinderKinder Festival<\/em>, Hamburg, Nem\u010dija (2010), <em>Lent Festival<\/em>, Maribor (2010), <em>Druga godba<\/em>, Ljubljana (2010), <em>International Children\u2019s Theater Festival<\/em>, Subotica, Srbija (2010, 2011, 2013, 2018, 2025),<em> <em> Pomeriggi d&#8217;inverno, Gorica, Italija <\/em><\/em>(2010)<em><em><em>, <\/em>Internationales Welser Figurentheaterfestival<\/em>, <\/em>Wels, Avstria (2010, 2012, 2013, 2017),<em> <em>Luagna &amp; Losna<\/em>, <\/em>Feldkirch, Avstria (2009, 2011, 2015, 2019),<em> <em>Lutfest<\/em>, <\/em>Vzhodno Sarajevo, Bosna in Hercegovina (2009, 2012, 2017, 2019, 2021),<em> <em>Puppet &amp; Music<\/em>, <\/em>Gorica, Italija (2008),<em> <em>Lutke<\/em>, <\/em>Ljubljana (2008),<em> <em>Poletni lutkovni pristan<\/em>, <\/em>Maribor (2006, 2008, 2023), <em><em>Multikids<\/em>, Dunaj, <\/em>Avstrija (2008)<em>.<\/em><\/p>\n\n\n\n<p>UDELE\u017dBA NA NACIONALNIH FESTIVALIH: <em>Bienale Ustanove lutkovnih ustvarjalcev Slovenije<\/em>, Koper (2005, 2007), Pliberk (2009), Maribor (2011, 2015, 2019), <em>Festival Bobri, <\/em>Ljubljana (2010, 2011, 2012, 2013, 2015, 2016, 2018), <em>Pinkin Festival<\/em>, Velenje (2011, 2012, 2014), <em>Poletni lutkovni pristan, Maribor<\/em> (2006, 2019)<\/p>\n","protected":false},"excerpt":{"rendered":"<p>PETER KUS je skladatelj, lutkovni re\u017eiser, izdelovalec instrumentov in pedagog. Ustvarja avtorske predstave v katerih raziskuje obmo\u010dje, kjer se kri\u017eata glasba in lutkovno gledali\u010de. Rezultat tega so predstave \u010crna kuhna (2004), Glas (2005), Tristan Vox (2006), Kralj prislu\u0161kuje (2007), Izgubljeni ton (2010), Gozd raja! (2012), \u9020\u97f3\u5c0f\u5b50\u55f6\u53ed\u8e66 (2014), Zvo\u010dna kuhna (2015), D\u017eumbus (2017), Pono\u010dnjaki (2020), Plastonci [&hellip;]<\/p>\n","protected":false},"author":1,"featured_media":0,"parent":0,"menu_order":0,"comment_status":"closed","ping_status":"closed","template":"full-width.php","meta":{"om_disable_all_campaigns":false,"_mi_skip_tracking":false},"aioseo_notices":[],"_links":{"self":[{"href":"https:\/\/peterkus.net\/si\/wp-json\/wp\/v2\/pages\/118"}],"collection":[{"href":"https:\/\/peterkus.net\/si\/wp-json\/wp\/v2\/pages"}],"about":[{"href":"https:\/\/peterkus.net\/si\/wp-json\/wp\/v2\/types\/page"}],"author":[{"embeddable":true,"href":"https:\/\/peterkus.net\/si\/wp-json\/wp\/v2\/users\/1"}],"replies":[{"embeddable":true,"href":"https:\/\/peterkus.net\/si\/wp-json\/wp\/v2\/comments?post=118"}],"version-history":[{"count":100,"href":"https:\/\/peterkus.net\/si\/wp-json\/wp\/v2\/pages\/118\/revisions"}],"predecessor-version":[{"id":9313,"href":"https:\/\/peterkus.net\/si\/wp-json\/wp\/v2\/pages\/118\/revisions\/9313"}],"wp:attachment":[{"href":"https:\/\/peterkus.net\/si\/wp-json\/wp\/v2\/media?parent=118"}],"curies":[{"name":"wp","href":"https:\/\/api.w.org\/{rel}","templated":true}]}}