{"id":2370,"date":"2015-07-23T19:38:37","date_gmt":"2015-07-23T19:38:37","guid":{"rendered":"https:\/\/peterkus.net\/si\/?page_id=2370"},"modified":"2017-01-21T09:18:14","modified_gmt":"2017-01-21T09:18:14","slug":"izgubljeni-ton","status":"publish","type":"page","link":"https:\/\/peterkus.net\/si\/past-projects-gledalisce\/izgubljeni-ton\/","title":{"rendered":"Izgubljeni ton"},"content":{"rendered":"<div class=\"flexslider clearfix\"><ul class=\"slides\"><\/p>\n<p><a href=\"https:\/\/peterkus.net\/si\/wp-content\/uploads\/sites\/2\/2013\/06\/TheLostTone01.jpg\"><li><img loading=\"lazy\" class=\"alignnone size-full wp-image-1218\" src=\"https:\/\/peterkus.net\/si\/wp-content\/uploads\/sites\/2\/2013\/06\/TheLostTone01.jpg\" alt=\"TheLostTone01\" width=\"700\" height=\"467\" srcset=\"https:\/\/peterkus.net\/si\/wp-content\/uploads\/sites\/2\/2013\/06\/TheLostTone01.jpg 700w, https:\/\/peterkus.net\/si\/wp-content\/uploads\/sites\/2\/2013\/06\/TheLostTone01-300x200.jpg 300w\" sizes=\"(max-width: 700px) 100vw, 700px\" \/><\/li><\/a><\/p>\n<p><a href=\"https:\/\/peterkus.net\/si\/wp-content\/uploads\/sites\/2\/2013\/06\/TheLostTone02.jpg\"><li><img loading=\"lazy\" class=\"alignnone size-full wp-image-1219\" src=\"https:\/\/peterkus.net\/si\/wp-content\/uploads\/sites\/2\/2013\/06\/TheLostTone02.jpg\" alt=\"TheLostTone02\" width=\"700\" height=\"467\" srcset=\"https:\/\/peterkus.net\/si\/wp-content\/uploads\/sites\/2\/2013\/06\/TheLostTone02.jpg 700w, https:\/\/peterkus.net\/si\/wp-content\/uploads\/sites\/2\/2013\/06\/TheLostTone02-300x200.jpg 300w\" sizes=\"(max-width: 700px) 100vw, 700px\" \/><\/li><\/a><\/p>\n<p><a href=\"https:\/\/peterkus.net\/si\/wp-content\/uploads\/sites\/2\/2013\/06\/TheLostTone04.jpg\"><li><img loading=\"lazy\" class=\"alignnone size-full wp-image-1220\" src=\"https:\/\/peterkus.net\/si\/wp-content\/uploads\/sites\/2\/2013\/06\/TheLostTone04.jpg\" alt=\"TheLostTone04\" width=\"700\" height=\"467\" srcset=\"https:\/\/peterkus.net\/si\/wp-content\/uploads\/sites\/2\/2013\/06\/TheLostTone04.jpg 700w, https:\/\/peterkus.net\/si\/wp-content\/uploads\/sites\/2\/2013\/06\/TheLostTone04-300x200.jpg 300w\" sizes=\"(max-width: 700px) 100vw, 700px\" \/><\/li><\/a><\/p>\n<p><a href=\"https:\/\/peterkus.net\/si\/wp-content\/uploads\/sites\/2\/2013\/06\/TheLostTone09.jpg\"><li><img loading=\"lazy\" class=\"alignnone size-full wp-image-1221\" src=\"https:\/\/peterkus.net\/si\/wp-content\/uploads\/sites\/2\/2013\/06\/TheLostTone09.jpg\" alt=\"TheLostTone09\" width=\"700\" height=\"467\" srcset=\"https:\/\/peterkus.net\/si\/wp-content\/uploads\/sites\/2\/2013\/06\/TheLostTone09.jpg 700w, https:\/\/peterkus.net\/si\/wp-content\/uploads\/sites\/2\/2013\/06\/TheLostTone09-300x200.jpg 300w\" sizes=\"(max-width: 700px) 100vw, 700px\" \/><\/li><\/a><\/p>\n<p><a href=\"https:\/\/peterkus.net\/si\/wp-content\/uploads\/sites\/2\/2013\/06\/TheLostTone10.jpg\"><li><img loading=\"lazy\" class=\"alignnone size-full wp-image-1222\" src=\"https:\/\/peterkus.net\/si\/wp-content\/uploads\/sites\/2\/2013\/06\/TheLostTone10.jpg\" alt=\"TheLostTone10\" width=\"700\" height=\"467\" srcset=\"https:\/\/peterkus.net\/si\/wp-content\/uploads\/sites\/2\/2013\/06\/TheLostTone10.jpg 700w, https:\/\/peterkus.net\/si\/wp-content\/uploads\/sites\/2\/2013\/06\/TheLostTone10-300x200.jpg 300w\" sizes=\"(max-width: 700px) 100vw, 700px\" \/><\/li><\/a><\/p>\n<p><\/ul><\/div>\n<h6 style=\"text-align: right;\">Foto: Nada \u017dgank<\/h6>\n<p>Idejna zasnova, re\u017eija in glasba:\u00a0 <strong>Peter Kus<\/strong><br \/>\nBesedilo: <strong>Zalka Grabnar Kogoj, Ajda Rooss, Peter Kus<\/strong><br \/>\nLikovna podoba: <strong>Kaja Avber\u0161ek<\/strong><br \/>\nNastopajo: <strong>Miha Arh, Asja Kahrimanovi\u0107, Polona Kores, Andrej \u017dibert<\/strong><br \/>\nProdukcija: <strong><a href=\"http:\/\/www.lgl.si\/\">Lutkovno gledali\u0161\u010de Ljubljna<\/a>, <a href=\"http:\/\/www.ljudmila.org\/forum\/\">Forum Ljubljana<\/a><\/strong><br \/>\nDatum premiere: <strong>31. 1. 2010<\/strong><\/p>\n<p><em>Izgubljeni ton je animirana zvo\u010dna predstava za otroke in odrasle. V njej so uporabljene zvene\u010da scenografija in lutke, ki so v celoti zgrajene iz izvirnih glasbenih instrumentov.<\/em><\/p>\n<p><strong>KRITIKE:<\/strong><br \/>\n<i>\u00bb&#8230; sporo\u010dila v predstavi vzgajajo mal\u010dke in njihove star\u0161e preko izredno domiselnega in duhovitega teksta, pa tudi preko \u010dudovite glasbe in neprisiljene igre.\u00ab <\/i><b>Pia Brezav\u0161\u010dek, Radio \u0160tudent<\/b><br \/>\n<em>\u00bbZvo\u010dna prestava o iskanju izgubljenega tona se izka\u017ee kot primerna ter aktualna metafora dana\u0161njega \u010dasa in njegovega tru\u0161\u010da, v katerem se prepogosto izgublja tisto, kar je zares pomembno.\u00ab<\/em> <strong>\u0160pela Standeker, Dnevnik<\/strong><\/p>\n<p><strong>FESTIVALI:<\/strong><\/p>\n<ul>\n<li><em>Three Are Too Many \u2013 Two \u2013 Not Enough<\/em>, Plovdiv (Bolgarija)<\/li>\n<li><em>PIF Festival<\/em>, Zagreb (Hrva\u0161ka)<\/li>\n<\/ul>\n<p><strong>DOKUMENTI:<\/strong><br \/>\n<a href=\"https:\/\/peterkus.net\/si\/wp-content\/uploads\/sites\/2\/2013\/06\/ton_predstavitev.pdf\">pdf predstavitev<\/a><br \/>\n<a href=\"https:\/\/www.flickr.com\/photos\/peterkus\/sets\/72157623763136260\">galerija slik <\/a><\/p>\n<p>&nbsp;<\/p>\n<p><div class=\"videoContainer\"><iframe loading=\"lazy\" src=\"https:\/\/player.vimeo.com\/video\/67112180\" width=\"500\" height=\"281\" frameborder=\"0\" title=\"The Lost Tone \/ Izgubljeni ton\" webkitallowfullscreen mozallowfullscreen allowfullscreen><\/iframe><\/div><\/p>\n<p>&nbsp;<\/p>\n","protected":false},"excerpt":{"rendered":"<p>Foto: Nada \u017dgank Idejna zasnova, re\u017eija in glasba:\u00a0 Peter Kus Besedilo: Zalka Grabnar Kogoj, Ajda Rooss, Peter Kus Likovna podoba: Kaja Avber\u0161ek Nastopajo: Miha Arh, Asja Kahrimanovi\u0107, Polona Kores, Andrej \u017dibert Produkcija: Lutkovno gledali\u0161\u010de Ljubljna, Forum Ljubljana Datum premiere: 31. 1. 2010 Izgubljeni ton je animirana zvo\u010dna predstava za otroke in odrasle. V njej so [&hellip;]<\/p>\n","protected":false},"author":1,"featured_media":0,"parent":491,"menu_order":0,"comment_status":"closed","ping_status":"closed","template":"full-width.php","meta":{"om_disable_all_campaigns":false,"_mi_skip_tracking":false},"aioseo_notices":[],"_links":{"self":[{"href":"https:\/\/peterkus.net\/si\/wp-json\/wp\/v2\/pages\/2370"}],"collection":[{"href":"https:\/\/peterkus.net\/si\/wp-json\/wp\/v2\/pages"}],"about":[{"href":"https:\/\/peterkus.net\/si\/wp-json\/wp\/v2\/types\/page"}],"author":[{"embeddable":true,"href":"https:\/\/peterkus.net\/si\/wp-json\/wp\/v2\/users\/1"}],"replies":[{"embeddable":true,"href":"https:\/\/peterkus.net\/si\/wp-json\/wp\/v2\/comments?post=2370"}],"version-history":[{"count":8,"href":"https:\/\/peterkus.net\/si\/wp-json\/wp\/v2\/pages\/2370\/revisions"}],"predecessor-version":[{"id":2391,"href":"https:\/\/peterkus.net\/si\/wp-json\/wp\/v2\/pages\/2370\/revisions\/2391"}],"up":[{"embeddable":true,"href":"https:\/\/peterkus.net\/si\/wp-json\/wp\/v2\/pages\/491"}],"wp:attachment":[{"href":"https:\/\/peterkus.net\/si\/wp-json\/wp\/v2\/media?parent=2370"}],"curies":[{"name":"wp","href":"https:\/\/api.w.org\/{rel}","templated":true}]}}