{"id":2380,"date":"2015-07-23T19:58:03","date_gmt":"2015-07-23T19:58:03","guid":{"rendered":"https:\/\/peterkus.net\/si\/?page_id=2380"},"modified":"2017-01-20T18:57:38","modified_gmt":"2017-01-20T18:57:38","slug":"pojoci-grad","status":"publish","type":"page","link":"https:\/\/peterkus.net\/si\/past-projects-gledalisce\/pojoci-grad\/","title":{"rendered":"Pojo\u010di grad"},"content":{"rendered":"<div class=\"flexslider clearfix\"><ul class=\"slides\"><\/p>\n<p><a href=\"https:\/\/peterkus.net\/si\/wp-content\/uploads\/sites\/2\/2013\/06\/Singing_Castle_NadaZgank01.jpg\"><li><img loading=\"lazy\" class=\"alignnone size-full wp-image-1192\" src=\"https:\/\/peterkus.net\/si\/wp-content\/uploads\/sites\/2\/2013\/06\/Singing_Castle_NadaZgank01.jpg\" alt=\"Singing_Castle_NadaZgank01\" width=\"700\" height=\"467\" srcset=\"https:\/\/peterkus.net\/si\/wp-content\/uploads\/sites\/2\/2013\/06\/Singing_Castle_NadaZgank01.jpg 700w, https:\/\/peterkus.net\/si\/wp-content\/uploads\/sites\/2\/2013\/06\/Singing_Castle_NadaZgank01-300x200.jpg 300w\" sizes=\"(max-width: 700px) 100vw, 700px\" \/><\/li><\/a><\/p>\n<p><a href=\"https:\/\/peterkus.net\/si\/wp-content\/uploads\/sites\/2\/2013\/06\/Singing_Castle_NadaZgank03.jpg\"><li><img loading=\"lazy\" class=\"alignnone size-full wp-image-1193\" src=\"https:\/\/peterkus.net\/si\/wp-content\/uploads\/sites\/2\/2013\/06\/Singing_Castle_NadaZgank03.jpg\" alt=\"Singing_Castle_NadaZgank03\" width=\"700\" height=\"467\" srcset=\"https:\/\/peterkus.net\/si\/wp-content\/uploads\/sites\/2\/2013\/06\/Singing_Castle_NadaZgank03.jpg 700w, https:\/\/peterkus.net\/si\/wp-content\/uploads\/sites\/2\/2013\/06\/Singing_Castle_NadaZgank03-300x200.jpg 300w\" sizes=\"(max-width: 700px) 100vw, 700px\" \/><\/li><\/a><\/p>\n<p><a href=\"https:\/\/peterkus.net\/si\/wp-content\/uploads\/sites\/2\/2013\/06\/Singing_Castle_NadaZgank04.jpg\"><li><img loading=\"lazy\" class=\"alignnone size-full wp-image-1194\" src=\"https:\/\/peterkus.net\/si\/wp-content\/uploads\/sites\/2\/2013\/06\/Singing_Castle_NadaZgank04.jpg\" alt=\"Singing_Castle_NadaZgank04\" width=\"700\" height=\"467\" srcset=\"https:\/\/peterkus.net\/si\/wp-content\/uploads\/sites\/2\/2013\/06\/Singing_Castle_NadaZgank04.jpg 700w, https:\/\/peterkus.net\/si\/wp-content\/uploads\/sites\/2\/2013\/06\/Singing_Castle_NadaZgank04-300x200.jpg 300w\" sizes=\"(max-width: 700px) 100vw, 700px\" \/><\/li><\/a><\/p>\n<p><a href=\"https:\/\/peterkus.net\/si\/wp-content\/uploads\/sites\/2\/2013\/06\/Singing_Castle_NadaZgank08.jpg\"><li><img loading=\"lazy\" class=\"alignnone size-full wp-image-1195\" src=\"https:\/\/peterkus.net\/si\/wp-content\/uploads\/sites\/2\/2013\/06\/Singing_Castle_NadaZgank08.jpg\" alt=\"Singing_Castle_NadaZgank08\" width=\"700\" height=\"467\" srcset=\"https:\/\/peterkus.net\/si\/wp-content\/uploads\/sites\/2\/2013\/06\/Singing_Castle_NadaZgank08.jpg 700w, https:\/\/peterkus.net\/si\/wp-content\/uploads\/sites\/2\/2013\/06\/Singing_Castle_NadaZgank08-300x200.jpg 300w\" sizes=\"(max-width: 700px) 100vw, 700px\" \/><\/li><\/a><\/p>\n<p><a href=\"https:\/\/peterkus.net\/si\/wp-content\/uploads\/sites\/2\/2013\/06\/Singing_Castle_NadaZgank10.jpg\"><li><img loading=\"lazy\" class=\"alignnone size-full wp-image-1196\" src=\"https:\/\/peterkus.net\/si\/wp-content\/uploads\/sites\/2\/2013\/06\/Singing_Castle_NadaZgank10.jpg\" alt=\"Singing_Castle_NadaZgank10\" width=\"700\" height=\"467\" srcset=\"https:\/\/peterkus.net\/si\/wp-content\/uploads\/sites\/2\/2013\/06\/Singing_Castle_NadaZgank10.jpg 700w, https:\/\/peterkus.net\/si\/wp-content\/uploads\/sites\/2\/2013\/06\/Singing_Castle_NadaZgank10-300x200.jpg 300w\" sizes=\"(max-width: 700px) 100vw, 700px\" \/><\/li><\/a><\/p>\n<p><\/ul><\/div>\n<h6 style=\"text-align: justify;\">\u00a0\u00a0\u00a0\u00a0\u00a0\u00a0\u00a0\u00a0\u00a0\u00a0\u00a0\u00a0\u00a0\u00a0\u00a0\u00a0\u00a0\u00a0\u00a0\u00a0\u00a0\u00a0\u00a0\u00a0\u00a0\u00a0\u00a0\u00a0\u00a0\u00a0\u00a0\u00a0\u00a0\u00a0\u00a0\u00a0\u00a0\u00a0\u00a0\u00a0\u00a0\u00a0\u00a0\u00a0\u00a0\u00a0\u00a0\u00a0\u00a0\u00a0\u00a0\u00a0\u00a0\u00a0\u00a0\u00a0\u00a0\u00a0\u00a0\u00a0\u00a0\u00a0\u00a0\u00a0\u00a0\u00a0\u00a0\u00a0\u00a0\u00a0\u00a0\u00a0\u00a0\u00a0\u00a0\u00a0\u00a0\u00a0\u00a0\u00a0\u00a0\u00a0\u00a0\u00a0\u00a0\u00a0\u00a0\u00a0\u00a0\u00a0\u00a0\u00a0\u00a0\u00a0\u00a0\u00a0\u00a0\u00a0\u00a0\u00a0\u00a0\u00a0\u00a0\u00a0\u00a0\u00a0\u00a0\u00a0\u00a0\u00a0\u00a0\u00a0\u00a0\u00a0\u00a0\u00a0\u00a0\u00a0\u00a0\u00a0\u00a0\u00a0\u00a0\u00a0\u00a0\u00a0\u00a0\u00a0\u00a0\u00a0\u00a0\u00a0\u00a0\u00a0\u00a0\u00a0\u00a0\u00a0\u00a0\u00a0\u00a0\u00a0\u00a0\u00a0\u00a0\u00a0\u00a0\u00a0\u00a0\u00a0\u00a0\u00a0\u00a0\u00a0\u00a0\u00a0\u00a0\u00a0\u00a0\u00a0\u00a0\u00a0\u00a0\u00a0\u00a0\u00a0\u00a0\u00a0\u00a0\u00a0\u00a0\u00a0\u00a0\u00a0\u00a0\u00a0\u00a0\u00a0\u00a0\u00a0\u00a0\u00a0\u00a0\u00a0\u00a0\u00a0\u00a0\u00a0\u00a0\u00a0\u00a0\u00a0\u00a0\u00a0\u00a0\u00a0\u00a0\u00a0\u00a0\u00a0\u00a0\u00a0\u00a0\u00a0\u00a0\u00a0\u00a0\u00a0\u00a0\u00a0\u00a0\u00a0\u00a0\u00a0\u00a0\u00a0\u00a0\u00a0\u00a0\u00a0 Foto: Nada \u017dgank<\/h6>\n<p>Re\u017eija in glasba: <strong>Peter Kus<\/strong><br \/>\nIlustracije in video animacije:<strong> Kaja Avber\u0161ek<\/strong><br \/>\nNastopata: <strong>Miha Arh\/ alt. Andrej \u017dibert, Kaja Avber\u0161ek<\/strong><br \/>\nProdukcija: <strong><a href=\"http:\/\/www.ljudmila.org\/forum\/\">Forum Ljubljana<\/a>, <a href=\"http:\/\/www.invida.tv\/sl\/\">Invida<\/a>, <a href=\"http:\/\/federacija.net\/\">Federacija Ljubljana<\/a><\/strong><br \/>\nDatum premiere in kraj premiere: <strong>26. 1. 2011, <em>\u0160panski borci<\/em>, Ljubljana<br \/>\n<\/strong><\/p>\n<p><em>Pojo\u010di grad je izvirna multimedijska predstava za otroke, ki zdru\u017euje elemente lutkovnega gledali\u0161\u010da, glasbenega koncerta in stripovskih ilustracij. Temelji na motivih pravljice Slavec, H.C. Andersena.<\/em><\/p>\n<p><strong>KRITIKE:<\/strong><br \/>\n<em>\u201c\u2026tokrat posebej prepri\u010dljivo za\u017eivijo predvsem \u017eivost, neposrednost in neponovljivost celostno zastavljenega in disciplinirano izvedenega ve\u010dmedijskega dogodka.\u201d <\/em><strong>Slavko Pezdir, Delo, 1. 2. 2011<\/strong><br \/>\n<em>\u201c \u2026 presenetljivo bogastvo &#8220;bruhne&#8221; s projekcijskega zaslona v odrskem osredju.\u201d <\/em><strong>Uro\u0161 Smasek, Ve\u010der, 1. 2. 2011<\/strong><\/p>\n<p><strong><strong>FESTIVALI IN NAGRADE:<\/strong><\/strong><\/p>\n<ul>\n<li><em>Me\u0111unarodni festival pozori\u0161ta za decu,<\/em> Subotica (Srbija), 2011<\/li>\n<li><em>Luaga&amp;Losna,<\/em> Feldkirch (Avstija), 2011<\/li>\n<li><em>Pikin festival,<\/em> Velenje, 2011<\/li>\n<li><em>6. Bienale Ustanove lutkovnih ustvarjalcev,<\/em> Maribor, 2011 &#8211; <strong>Posebna nagrada za uporabo izvirnih in\u0161trumentov v gledali\u0161\u010du <\/strong><\/li>\n<li><em>100, 1.000, 1.000 Stories,<\/em> Bucharest (Romunija), 2011 &#8211; <strong>Posebna nagrada za modernost gledali\u0161kega jezika in uporabo novih medijev na kreativen gledali\u0161ki na\u010din<\/strong><\/li>\n<li><em><em>Cikl Cakl,<\/em> \u0160mihel (Avstrija), 2011<\/em><\/li>\n<li><em>14. lutkovni festival Zlata iskra,<\/em> Kragujevac (Srbija) &#8211; <strong>Najbolj\u0161a idejna zasnova produkcije, <\/strong>2012<\/li>\n<li><em>Lutfest<\/em>, Sarajevo (Bosna in Hercegovina), 2012<\/li>\n<li><em>20. kotorski festival gledali\u0161\u010da za otroke<\/em>, Kotor (\u010crna gora), 2012<\/li>\n<li><em><em>Me\u0111unarodni dje\u010djI festival<\/em>, \u0160ibenik <\/em>(Hrva\u0161ka)<em>, <\/em>2013<em><br \/>\n<\/em><\/li>\n<\/ul>\n<p><strong>DOKUMENTI:<\/strong><br \/>\n<a href=\"https:\/\/peterkus.net\/si\/wp-content\/uploads\/sites\/2\/2013\/06\/grad_predstavitev.pdf\">pdf predstavitev<\/a><br \/>\n<a href=\"https:\/\/peterkus.net\/si\/wp-content\/uploads\/sites\/2\/2013\/10\/Grad_predagoska_priprava.pdf\">pedago\u0161ka priprava<\/a><br \/>\n<a href=\"https:\/\/www.flickr.com\/photos\/peterkus\/sets\/72157626220551471\">galerija slik<\/a><\/p>\n<p>&nbsp;<\/p>\n<p><div class=\"videoContainer\"><iframe loading=\"lazy\" src=\"https:\/\/player.vimeo.com\/video\/66461911\" width=\"500\" height=\"281\" frameborder=\"0\" title=\"The Singing Castle \/ Pojo\u010di grad\" webkitallowfullscreen mozallowfullscreen allowfullscreen><\/iframe><\/div><\/p>\n<p>&nbsp;<\/p>\n<p>&nbsp;<\/p>\n<p>&nbsp;<\/p>\n<p>&nbsp;<\/p>\n","protected":false},"excerpt":{"rendered":"<p>\u00a0\u00a0\u00a0\u00a0\u00a0\u00a0\u00a0\u00a0\u00a0\u00a0\u00a0\u00a0\u00a0\u00a0\u00a0\u00a0\u00a0\u00a0\u00a0\u00a0\u00a0\u00a0\u00a0\u00a0\u00a0\u00a0\u00a0\u00a0\u00a0\u00a0\u00a0\u00a0\u00a0\u00a0\u00a0\u00a0\u00a0\u00a0\u00a0\u00a0\u00a0\u00a0\u00a0\u00a0\u00a0\u00a0\u00a0\u00a0\u00a0\u00a0\u00a0\u00a0\u00a0\u00a0\u00a0\u00a0\u00a0\u00a0\u00a0\u00a0\u00a0\u00a0\u00a0\u00a0\u00a0\u00a0\u00a0\u00a0\u00a0\u00a0\u00a0\u00a0\u00a0\u00a0\u00a0\u00a0\u00a0\u00a0\u00a0\u00a0\u00a0\u00a0\u00a0\u00a0\u00a0\u00a0\u00a0\u00a0\u00a0\u00a0\u00a0\u00a0\u00a0\u00a0\u00a0\u00a0\u00a0\u00a0\u00a0\u00a0\u00a0\u00a0\u00a0\u00a0\u00a0\u00a0\u00a0\u00a0\u00a0\u00a0\u00a0\u00a0\u00a0\u00a0\u00a0\u00a0\u00a0\u00a0\u00a0\u00a0\u00a0\u00a0\u00a0\u00a0\u00a0\u00a0\u00a0\u00a0\u00a0\u00a0\u00a0\u00a0\u00a0\u00a0\u00a0\u00a0\u00a0\u00a0\u00a0\u00a0\u00a0\u00a0\u00a0\u00a0\u00a0\u00a0\u00a0\u00a0\u00a0\u00a0\u00a0\u00a0\u00a0\u00a0\u00a0\u00a0\u00a0\u00a0\u00a0\u00a0\u00a0\u00a0\u00a0\u00a0\u00a0\u00a0\u00a0\u00a0\u00a0\u00a0\u00a0\u00a0\u00a0\u00a0\u00a0\u00a0\u00a0\u00a0\u00a0\u00a0\u00a0\u00a0\u00a0\u00a0\u00a0\u00a0\u00a0\u00a0\u00a0\u00a0\u00a0\u00a0\u00a0\u00a0\u00a0\u00a0\u00a0\u00a0\u00a0\u00a0\u00a0\u00a0\u00a0\u00a0\u00a0\u00a0\u00a0\u00a0\u00a0\u00a0\u00a0\u00a0\u00a0\u00a0\u00a0\u00a0\u00a0\u00a0\u00a0\u00a0 Foto: Nada \u017dgank Re\u017eija in glasba: Peter Kus Ilustracije in video animacije: Kaja Avber\u0161ek Nastopata: Miha Arh\/ alt. Andrej \u017dibert, Kaja Avber\u0161ek Produkcija: Forum Ljubljana, Invida, Federacija Ljubljana Datum premiere in kraj premiere: 26. 1. 2011, \u0160panski borci, Ljubljana Pojo\u010di grad je izvirna multimedijska predstava za otroke, ki zdru\u017euje elemente lutkovnega gledali\u0161\u010da, glasbenega koncerta [&hellip;]<\/p>\n","protected":false},"author":1,"featured_media":0,"parent":491,"menu_order":0,"comment_status":"closed","ping_status":"closed","template":"full-width.php","meta":{"om_disable_all_campaigns":false,"_mi_skip_tracking":false},"aioseo_notices":[],"_links":{"self":[{"href":"https:\/\/peterkus.net\/si\/wp-json\/wp\/v2\/pages\/2380"}],"collection":[{"href":"https:\/\/peterkus.net\/si\/wp-json\/wp\/v2\/pages"}],"about":[{"href":"https:\/\/peterkus.net\/si\/wp-json\/wp\/v2\/types\/page"}],"author":[{"embeddable":true,"href":"https:\/\/peterkus.net\/si\/wp-json\/wp\/v2\/users\/1"}],"replies":[{"embeddable":true,"href":"https:\/\/peterkus.net\/si\/wp-json\/wp\/v2\/comments?post=2380"}],"version-history":[{"count":14,"href":"https:\/\/peterkus.net\/si\/wp-json\/wp\/v2\/pages\/2380\/revisions"}],"predecessor-version":[{"id":3794,"href":"https:\/\/peterkus.net\/si\/wp-json\/wp\/v2\/pages\/2380\/revisions\/3794"}],"up":[{"embeddable":true,"href":"https:\/\/peterkus.net\/si\/wp-json\/wp\/v2\/pages\/491"}],"wp:attachment":[{"href":"https:\/\/peterkus.net\/si\/wp-json\/wp\/v2\/media?parent=2380"}],"curies":[{"name":"wp","href":"https:\/\/api.w.org\/{rel}","templated":true}]}}