{"id":3777,"date":"2017-01-20T18:38:31","date_gmt":"2017-01-20T18:38:31","guid":{"rendered":"https:\/\/peterkus.net\/si\/?page_id=3777"},"modified":"2017-01-20T18:58:45","modified_gmt":"2017-01-20T18:58:45","slug":"kralj-prisluskuje","status":"publish","type":"page","link":"https:\/\/peterkus.net\/si\/past-projects-gledalisce\/kralj-prisluskuje\/","title":{"rendered":"Kralj prislu\u0161kuje"},"content":{"rendered":"<div class=\"flexslider clearfix\"><ul class=\"slides\"><\/p>\n<p><a href=\"https:\/\/peterkus.net\/si\/wp-content\/uploads\/sites\/2\/2013\/06\/KingListens02.jpg\"><li><img loading=\"lazy\" class=\"alignnone size-full wp-image-1173\" src=\"https:\/\/peterkus.net\/si\/wp-content\/uploads\/sites\/2\/2013\/06\/KingListens02.jpg\" alt=\"\" width=\"700\" height=\"467\" srcset=\"https:\/\/peterkus.net\/si\/wp-content\/uploads\/sites\/2\/2013\/06\/KingListens02.jpg 700w, https:\/\/peterkus.net\/si\/wp-content\/uploads\/sites\/2\/2013\/06\/KingListens02-300x200.jpg 300w\" sizes=\"(max-width: 700px) 100vw, 700px\" \/><\/li><\/a><\/p>\n<p><a href=\"https:\/\/peterkus.net\/si\/wp-content\/uploads\/sites\/2\/2013\/06\/KingListens03.jpg\"><li><img loading=\"lazy\" class=\"alignnone size-full wp-image-1174\" src=\"https:\/\/peterkus.net\/si\/wp-content\/uploads\/sites\/2\/2013\/06\/KingListens03.jpg\" alt=\"\" width=\"700\" height=\"467\" srcset=\"https:\/\/peterkus.net\/si\/wp-content\/uploads\/sites\/2\/2013\/06\/KingListens03.jpg 700w, https:\/\/peterkus.net\/si\/wp-content\/uploads\/sites\/2\/2013\/06\/KingListens03-300x200.jpg 300w\" sizes=\"(max-width: 700px) 100vw, 700px\" \/><\/li><\/a><\/p>\n<p><a href=\"https:\/\/peterkus.net\/si\/wp-content\/uploads\/sites\/2\/2013\/06\/KingListens01__Nada-Zgank.jpg\"><li><img loading=\"lazy\" class=\"alignnone size-full wp-image-1172\" src=\"https:\/\/peterkus.net\/si\/wp-content\/uploads\/sites\/2\/2013\/06\/KingListens01__Nada-Zgank.jpg\" alt=\"\" width=\"700\" height=\"467\" srcset=\"https:\/\/peterkus.net\/si\/wp-content\/uploads\/sites\/2\/2013\/06\/KingListens01__Nada-Zgank.jpg 700w, https:\/\/peterkus.net\/si\/wp-content\/uploads\/sites\/2\/2013\/06\/KingListens01__Nada-Zgank-300x200.jpg 300w\" sizes=\"(max-width: 700px) 100vw, 700px\" \/><\/li><\/a><\/p>\n<p><\/ul><\/div>\n<h6 style=\"text-align: justify;\">\u00a0\u00a0\u00a0\u00a0\u00a0\u00a0\u00a0\u00a0\u00a0\u00a0\u00a0\u00a0\u00a0\u00a0\u00a0\u00a0\u00a0\u00a0\u00a0\u00a0\u00a0\u00a0\u00a0\u00a0\u00a0\u00a0\u00a0\u00a0\u00a0\u00a0\u00a0\u00a0\u00a0\u00a0\u00a0\u00a0\u00a0\u00a0\u00a0\u00a0\u00a0\u00a0\u00a0\u00a0\u00a0\u00a0\u00a0\u00a0\u00a0\u00a0\u00a0\u00a0\u00a0\u00a0\u00a0\u00a0\u00a0\u00a0\u00a0\u00a0\u00a0\u00a0\u00a0\u00a0\u00a0\u00a0\u00a0\u00a0\u00a0\u00a0\u00a0\u00a0\u00a0\u00a0\u00a0\u00a0\u00a0\u00a0\u00a0\u00a0\u00a0\u00a0\u00a0\u00a0\u00a0\u00a0\u00a0\u00a0\u00a0\u00a0\u00a0\u00a0\u00a0\u00a0\u00a0\u00a0\u00a0\u00a0\u00a0\u00a0\u00a0\u00a0\u00a0\u00a0\u00a0\u00a0\u00a0\u00a0\u00a0\u00a0\u00a0\u00a0\u00a0\u00a0\u00a0\u00a0\u00a0\u00a0\u00a0\u00a0\u00a0\u00a0\u00a0\u00a0\u00a0\u00a0\u00a0\u00a0\u00a0\u00a0\u00a0\u00a0\u00a0\u00a0\u00a0\u00a0\u00a0\u00a0\u00a0\u00a0\u00a0\u00a0\u00a0\u00a0\u00a0\u00a0\u00a0\u00a0\u00a0\u00a0\u00a0\u00a0\u00a0\u00a0\u00a0\u00a0\u00a0\u00a0\u00a0\u00a0\u00a0\u00a0\u00a0\u00a0\u00a0\u00a0\u00a0\u00a0\u00a0\u00a0\u00a0\u00a0\u00a0\u00a0\u00a0\u00a0\u00a0\u00a0\u00a0\u00a0\u00a0\u00a0\u00a0\u00a0\u00a0\u00a0\u00a0\u00a0\u00a0\u00a0\u00a0\u00a0\u00a0\u00a0\u00a0\u00a0\u00a0\u00a0\u00a0\u00a0\u00a0\u00a0\u00a0\u00a0\u00a0\u00a0\u00a0\u00a0\u00a0\u00a0\u00a0\u00a0\u00a0\u00a0\u00a0\u00a0\u00a0\u00a0\u00a0\u00a0 Foto: Nada \u017dgank<\/h6>\n<p>Re\u017eija, glasba in glasbeni instrumenti: <strong>Peter Kus<\/strong><br \/>\nLikovna podoba, izdelava lutk in scene: <strong>Gregor Lorenci<\/strong><br \/>\nAnimatorji in glasbeniki:<strong> Miha Arh, Gregor Cvetko, Peter Kus<\/strong><br \/>\nProdukcija: <strong><a href=\"http:\/\/www.federacija.net\/\" target=\"_blank\">Federacija<\/a><\/strong>, <strong><a href=\"https:\/\/www.cd-cc.si\/sl\/\" target=\"_blank\">Cankarjev dom<\/a><\/strong><br \/>\nDatum in kraj premiere: <strong>27. 11. 2007, <em>Dvorana Du\u0161e Po\u010dkaj<\/em>, Cankarjev dom, Ljubljana<\/strong><br \/>\n\u0160tevilo ponovitev: <strong>49<\/strong><\/p>\n<p><em>Kralj prislu\u0161kuje je predstava zvo\u010dnega gledali\u0161\u010da za otroke, ki temelji na uporabi glasbenih in\u0161trumentov kot scenskih elementov, rekvizitov ali lutk. Vsebinsko se uprizoritev naslanja na motive kratke zgodbe Itala Calvina Kralj prislu\u0161kuje.<\/em><\/p>\n<p><strong>KRITIKE:<\/strong><br \/>\n<i>\u00bbKralj prislu\u0161kuje je pa\u0161a za u\u0161esa in o\u010di. Nikoli ni dolg\u010das in glasba, ki vseskozi nastaja na ne\u0161tete na\u010dine, je barvita, fascinantna in neprisiljena.<\/i><strong><i>\u00ab <\/i><b>Arno L<\/b><b>\u00f6<\/b><b>ffler, <\/b><b>Lichtensteiner Volksblatt (Liechtenstein)<\/b><\/strong><\/p>\n<p><em><b>\u00bb<\/b>V ponudbi uprizoritev za otroke in mladino se pravzaprav preredko pojavi predstava, kot je Kralj prislu\u0161kuje, ki bi zaradi svoje izvirnosti in domiselnosti (kot v tem primeru), zmogla nagovoriti in pritegniti tako najmlaj\u0161e ob\u010dinstvo kot njihove odrasle spremljevalce. To &#8220;zvo\u010dno gledali\u0161\u010de&#8221; je zmes glasbenega nastopa in gledali\u0161\u010da objektov, pri \u010demer sta obe komponenti v sebi premi\u0161ljeni in notranje skladni, hkrati pa se izvrstno dopolnjujeta in pre\u017eemata&#8230;Gre torej za duhovito, rahlo nenavadno, a v izvedbeni celoti tudi u\u010dinkovito uprizoritev\u2026\u00ab<\/em> <b>Gregor Butala, Dnevnik<\/b><\/p>\n<p><em>\u00bbVeliko bolj v ospredju je presenetljiva, razgibana in o\u010darljiva, \u017eiva in neposredna &#8211; zvo\u010dna in vidna &#8211; odrska o\u017eivitev [zgodbe], pri kateri enakovredno in na \u0161tevilne na\u010dine soustvarjalno sodeluje trio igralcev, animatorjev in glasbenikov, ki dobesedno sestavlja in razdira nastopajo\u010de odrske osebe (ve\u010dinoma sestavljene iz in\u0161trumentov ali prilo\u017enostnih zvo\u010dil).\u00ab\u00a0 <\/em><b>Slavko Pezdir, Delo<\/b><\/p>\n<p><strong><a href=\"https:\/\/peterkus.net\/si\/mediji\/#kralj\">OSTALI MEDIJSKI ODZIVI<\/a><\/strong><\/p>\n<p><strong>FESTIVALI IN NAGRADE:<\/strong><\/p>\n<ul>\n<li><em>Me\u0111unarodni dje\u010dji festival,<\/em> \u0160ibenik, Hrva\u0161ka (2013)<\/li>\n<li><em>Pupentheatertage Mistelbach, <\/em>Mistelbach, Avstrija (2012)<\/li>\n<li><em>BEMUS Festival<\/em>, Belgrade, Srbija (2011)<\/li>\n<li><em>FigurenTheaterFestival Basel<\/em>, Basel, \u0160vica (2011)<\/li>\n<li><em>Kotorski festival pozori\u0161ta za decu<\/em>,\u00a0 Kotor, \u010crna gora\u00a0(2011) &#8211;<strong> nagrada za nove gledali\u0161ke tendence<\/strong><\/li>\n<li><em>KinderKinder Festival<\/em>, Hamburg, Nem\u010dija (2010)<\/li>\n<li><em>Me\u0111unarodni festival pozori\u0161ta za decu<\/em>, Subotica, Srbija (2010)<\/li>\n<li><em>Internationales Welser Figurentheaterfestival<\/em>, Wels, Avstrija (2010)<\/li>\n<li><em>Bienale Ustanove lutkovnih ustvarjalcev Slovenije<\/em>, \u0160mihel, avstrijska Koro\u0161ka (2009) &#8211; <strong>nagrade za izvirnost in poezijo, za lutkovno tehnologijo <\/strong>in<strong> lutkovno animacijo <\/strong><\/li>\n<li><em>Luagna &amp; Losna<\/em>, Feldkirch, Avstrija (2009)<\/li>\n<li><em>Lutfest<\/em>, Vzhodno Sarajevo, Bosna in Hercegovina\u00a0(2010) \u2013 <strong>nagrada za izvirniost, nagrada za najbolj\u0161o glasbo<\/strong><\/li>\n<li><em>Puppet &amp; Music<\/em>, Gorica, Italija (2009)<\/li>\n<li><em>Lutke <\/em>, Ljubljana (2008)<\/li>\n<li><em>Poletni lutkovni pristan<\/em>, Maribor\u00a0(2008) \u2013 <strong>najbolj\u0161a likovna podoba<\/strong><\/li>\n<li><em>Multikids<\/em>, Dunaj, Avstrija (2008)<\/li>\n<\/ul>\n<p><strong>DOKUMENTI:<\/strong><br \/>\n<a href=\"https:\/\/peterkus.net\/si\/wp-content\/uploads\/sites\/2\/2013\/06\/kralj_predstavitev.pdf\">pdf predstavitev<\/a><br \/>\n<a href=\"https:\/\/peterkus.net\/si\/wp-content\/uploads\/sites\/2\/2013\/10\/kralj_pedagoska_priprava.pdf\">pedago\u0161ka priprava<\/a><br \/>\n<a href=\"https:\/\/www.flickr.com\/photos\/peterkus\/albums\/72157623753325696\" target=\"_blank\">galerija slik<\/a><\/p>\n<p>&nbsp;<\/p>\n<p><div class=\"videoContainer\"><iframe loading=\"lazy\" src=\"https:\/\/player.vimeo.com\/video\/66462950\" width=\"500\" height=\"281\" frameborder=\"0\" title=\"A King Listens \/ Kralj prislu&scaron;kuje\" webkitallowfullscreen mozallowfullscreen allowfullscreen><\/iframe><\/div><\/p>\n","protected":false},"excerpt":{"rendered":"<p>\u00a0\u00a0\u00a0\u00a0\u00a0\u00a0\u00a0\u00a0\u00a0\u00a0\u00a0\u00a0\u00a0\u00a0\u00a0\u00a0\u00a0\u00a0\u00a0\u00a0\u00a0\u00a0\u00a0\u00a0\u00a0\u00a0\u00a0\u00a0\u00a0\u00a0\u00a0\u00a0\u00a0\u00a0\u00a0\u00a0\u00a0\u00a0\u00a0\u00a0\u00a0\u00a0\u00a0\u00a0\u00a0\u00a0\u00a0\u00a0\u00a0\u00a0\u00a0\u00a0\u00a0\u00a0\u00a0\u00a0\u00a0\u00a0\u00a0\u00a0\u00a0\u00a0\u00a0\u00a0\u00a0\u00a0\u00a0\u00a0\u00a0\u00a0\u00a0\u00a0\u00a0\u00a0\u00a0\u00a0\u00a0\u00a0\u00a0\u00a0\u00a0\u00a0\u00a0\u00a0\u00a0\u00a0\u00a0\u00a0\u00a0\u00a0\u00a0\u00a0\u00a0\u00a0\u00a0\u00a0\u00a0\u00a0\u00a0\u00a0\u00a0\u00a0\u00a0\u00a0\u00a0\u00a0\u00a0\u00a0\u00a0\u00a0\u00a0\u00a0\u00a0\u00a0\u00a0\u00a0\u00a0\u00a0\u00a0\u00a0\u00a0\u00a0\u00a0\u00a0\u00a0\u00a0\u00a0\u00a0\u00a0\u00a0\u00a0\u00a0\u00a0\u00a0\u00a0\u00a0\u00a0\u00a0\u00a0\u00a0\u00a0\u00a0\u00a0\u00a0\u00a0\u00a0\u00a0\u00a0\u00a0\u00a0\u00a0\u00a0\u00a0\u00a0\u00a0\u00a0\u00a0\u00a0\u00a0\u00a0\u00a0\u00a0\u00a0\u00a0\u00a0\u00a0\u00a0\u00a0\u00a0\u00a0\u00a0\u00a0\u00a0\u00a0\u00a0\u00a0\u00a0\u00a0\u00a0\u00a0\u00a0\u00a0\u00a0\u00a0\u00a0\u00a0\u00a0\u00a0\u00a0\u00a0\u00a0\u00a0\u00a0\u00a0\u00a0\u00a0\u00a0\u00a0\u00a0\u00a0\u00a0\u00a0\u00a0\u00a0\u00a0\u00a0\u00a0\u00a0\u00a0\u00a0\u00a0\u00a0\u00a0\u00a0\u00a0\u00a0\u00a0\u00a0\u00a0\u00a0 Foto: Nada \u017dgank Re\u017eija, glasba in glasbeni instrumenti: Peter Kus Likovna podoba, izdelava lutk in scene: Gregor Lorenci Animatorji in glasbeniki: Miha Arh, Gregor Cvetko, Peter Kus Produkcija: Federacija, Cankarjev dom Datum in kraj premiere: 27. 11. 2007, Dvorana Du\u0161e Po\u010dkaj, Cankarjev dom, Ljubljana \u0160tevilo ponovitev: 49 Kralj prislu\u0161kuje je predstava zvo\u010dnega gledali\u0161\u010da za [&hellip;]<\/p>\n","protected":false},"author":1,"featured_media":0,"parent":491,"menu_order":0,"comment_status":"closed","ping_status":"closed","template":"full-width.php","meta":{"om_disable_all_campaigns":false,"_mi_skip_tracking":false},"aioseo_notices":[],"_links":{"self":[{"href":"https:\/\/peterkus.net\/si\/wp-json\/wp\/v2\/pages\/3777"}],"collection":[{"href":"https:\/\/peterkus.net\/si\/wp-json\/wp\/v2\/pages"}],"about":[{"href":"https:\/\/peterkus.net\/si\/wp-json\/wp\/v2\/types\/page"}],"author":[{"embeddable":true,"href":"https:\/\/peterkus.net\/si\/wp-json\/wp\/v2\/users\/1"}],"replies":[{"embeddable":true,"href":"https:\/\/peterkus.net\/si\/wp-json\/wp\/v2\/comments?post=3777"}],"version-history":[{"count":14,"href":"https:\/\/peterkus.net\/si\/wp-json\/wp\/v2\/pages\/3777\/revisions"}],"predecessor-version":[{"id":3792,"href":"https:\/\/peterkus.net\/si\/wp-json\/wp\/v2\/pages\/3777\/revisions\/3792"}],"up":[{"embeddable":true,"href":"https:\/\/peterkus.net\/si\/wp-json\/wp\/v2\/pages\/491"}],"wp:attachment":[{"href":"https:\/\/peterkus.net\/si\/wp-json\/wp\/v2\/media?parent=3777"}],"curies":[{"name":"wp","href":"https:\/\/api.w.org\/{rel}","templated":true}]}}