{"id":5775,"date":"2019-06-17T17:06:03","date_gmt":"2019-06-17T15:06:03","guid":{"rendered":"https:\/\/peterkus.net\/si\/?page_id=5775"},"modified":"2021-02-15T04:10:05","modified_gmt":"2021-02-15T03:10:05","slug":"zavod-kuskus","status":"publish","type":"page","link":"https:\/\/peterkus.net\/si\/zavod-kuskus\/","title":{"rendered":"Zavod Kuskus, umetni\u0161ka produkcija"},"content":{"rendered":"\n<p><em>Kuskus<\/em> je neodvisni zavod, ki se prete\u017eno posve\u010da organizaciji umetni\u0161kih projektov skladatelja, re\u017eiserja, graditelja izvirnih instrumentov in pedagoga <strong>Petra Kusa<\/strong>.<\/p>\n\n\n\n<p>Producira predstave s podro\u010dja <strong>lutkovnega <\/strong>in <strong>glasbenega gledali\u0161\u010da<\/strong>, organizira razli\u010dne <strong>koncerte, razstave, delavnice<\/strong> in <strong>izobra\u017eevalne seminarje<\/strong>. Pri tem zdru\u017euje \u0161tevilne umetnike s podro\u010dja glasbe, gledali\u0161\u010da, vizualne umetnosti in plesa ter v koprodukcijah sodeluje z neodvisnimi producenti in javnimi institucijami iz Slovenije, Hrva\u0161ke, Avstrije in Tajvana. Pribli\u017eno polovico dogodkov izvede zunaj meja Slovenije.<\/p>\n\n\n\n<p>Izvaja <strong>umetni\u0161ke projekte z otroci<\/strong> pri \u010demer sodeluje z univerzami, Zavodom RS za \u0161olstvo ter drugimi neodvisnimi in javnimi ustanovami iz Slovenije in tujine.<\/p>\n","protected":false},"excerpt":{"rendered":"<p>Kuskus je neodvisni zavod, ki se prete\u017eno posve\u010da organizaciji umetni\u0161kih projektov skladatelja, re\u017eiserja, graditelja izvirnih instrumentov in pedagoga Petra Kusa. Producira predstave s podro\u010dja lutkovnega in glasbenega gledali\u0161\u010da, organizira razli\u010dne koncerte, razstave, delavnice in izobra\u017eevalne seminarje. Pri tem zdru\u017euje \u0161tevilne umetnike s podro\u010dja glasbe, gledali\u0161\u010da, vizualne umetnosti in plesa ter v koprodukcijah sodeluje z neodvisnimi [&hellip;]<\/p>\n","protected":false},"author":1,"featured_media":0,"parent":0,"menu_order":0,"comment_status":"closed","ping_status":"closed","template":"","meta":{"om_disable_all_campaigns":false,"_mi_skip_tracking":false},"aioseo_notices":[],"_links":{"self":[{"href":"https:\/\/peterkus.net\/si\/wp-json\/wp\/v2\/pages\/5775"}],"collection":[{"href":"https:\/\/peterkus.net\/si\/wp-json\/wp\/v2\/pages"}],"about":[{"href":"https:\/\/peterkus.net\/si\/wp-json\/wp\/v2\/types\/page"}],"author":[{"embeddable":true,"href":"https:\/\/peterkus.net\/si\/wp-json\/wp\/v2\/users\/1"}],"replies":[{"embeddable":true,"href":"https:\/\/peterkus.net\/si\/wp-json\/wp\/v2\/comments?post=5775"}],"version-history":[{"count":4,"href":"https:\/\/peterkus.net\/si\/wp-json\/wp\/v2\/pages\/5775\/revisions"}],"predecessor-version":[{"id":6610,"href":"https:\/\/peterkus.net\/si\/wp-json\/wp\/v2\/pages\/5775\/revisions\/6610"}],"wp:attachment":[{"href":"https:\/\/peterkus.net\/si\/wp-json\/wp\/v2\/media?parent=5775"}],"curies":[{"name":"wp","href":"https:\/\/api.w.org\/{rel}","templated":true}]}}