{"id":880,"date":"2013-05-06T00:55:19","date_gmt":"2013-05-05T22:55:19","guid":{"rendered":"http:\/\/localhost:8888\/wordpress\/?page_id=880"},"modified":"2021-04-23T17:14:35","modified_gmt":"2021-04-23T15:14:35","slug":"contact","status":"publish","type":"page","link":"https:\/\/peterkus.net\/si\/contact\/","title":{"rendered":"Kontakt"},"content":{"rendered":"\n<p>m\/ 041 657860 (Peter Kus)<br>e\/ <a href=\"mailto:info@peterkus.net\">info@peterkus.net<\/a><\/p>\n\n\n\n<p><strong>Zavod Kuskus, umetni\u0161ka produkcija<\/strong><br>Poklukarjeva 18<br>SI-1000 Ljubljana<br>Mati\u010dna \u0161t.: 8205604000<br>Dav\u010dna \u0161t.: 84074060<\/p>\n\n\n\n<p>IBAN: SI56&nbsp;6100&nbsp;0001&nbsp;9255&nbsp;623<br>BIC: HDELSI22<br>Delavska hranilnica d.d.<br>Miklo\u0161i\u010deva 5, SI-1000 Ljubljana<\/p>\n\n\n\n<p>Zakoniti zastopnik: Peter Kus, direktor<\/p>\n\n\n\n<p><a href=\"https:\/\/peterkus.net\/si\/wp-content\/uploads\/sites\/2\/2021\/04\/logo_Kuskus.pdf\" target=\"_blank\" rel=\"noreferrer noopener\">logotiop<\/a><a href=\"https:\/\/peterkus.net\/wp-admin\/post.php?post=4297&amp;action=edit\" target=\"_blank\" rel=\"noreferrer noopener\"> <\/a><br><a href=\"https:\/\/peterkus.net\/si\/zavod-kuskus\/\">o Zavodu Kuskus<\/a> <\/p>\n","protected":false},"excerpt":{"rendered":"<p>m\/ 041 657860 (Peter Kus)e\/ info@peterkus.net Zavod Kuskus, umetni\u0161ka produkcijaPoklukarjeva 18SI-1000 LjubljanaMati\u010dna \u0161t.: 8205604000Dav\u010dna \u0161t.: 84074060 IBAN: SI56&nbsp;6100&nbsp;0001&nbsp;9255&nbsp;623BIC: HDELSI22Delavska hranilnica d.d.Miklo\u0161i\u010deva 5, SI-1000 Ljubljana Zakoniti zastopnik: Peter Kus, direktor logotiop o Zavodu Kuskus<\/p>\n","protected":false},"author":1,"featured_media":0,"parent":0,"menu_order":0,"comment_status":"closed","ping_status":"closed","template":"","meta":{"om_disable_all_campaigns":false,"_mi_skip_tracking":false},"aioseo_notices":[],"_links":{"self":[{"href":"https:\/\/peterkus.net\/si\/wp-json\/wp\/v2\/pages\/880"}],"collection":[{"href":"https:\/\/peterkus.net\/si\/wp-json\/wp\/v2\/pages"}],"about":[{"href":"https:\/\/peterkus.net\/si\/wp-json\/wp\/v2\/types\/page"}],"author":[{"embeddable":true,"href":"https:\/\/peterkus.net\/si\/wp-json\/wp\/v2\/users\/1"}],"replies":[{"embeddable":true,"href":"https:\/\/peterkus.net\/si\/wp-json\/wp\/v2\/comments?post=880"}],"version-history":[{"count":16,"href":"https:\/\/peterkus.net\/si\/wp-json\/wp\/v2\/pages\/880\/revisions"}],"predecessor-version":[{"id":6707,"href":"https:\/\/peterkus.net\/si\/wp-json\/wp\/v2\/pages\/880\/revisions\/6707"}],"wp:attachment":[{"href":"https:\/\/peterkus.net\/si\/wp-json\/wp\/v2\/media?parent=880"}],"curies":[{"name":"wp","href":"https:\/\/api.w.org\/{rel}","templated":true}]}}